{"id":42,"date":"2021-09-13T08:02:34","date_gmt":"2021-09-13T08:02:34","guid":{"rendered":"https:\/\/ninjotransport.com\/?page_id=42"},"modified":"2022-06-20T14:44:35","modified_gmt":"2022-06-20T14:44:35","slug":"vara-tjanster","status":"publish","type":"page","link":"https:\/\/ninjotransport.com\/fi\/vara-tjanster\/","title":{"rendered":"Palvelut"},"content":{"rendered":"<hr class=\"wp-block-separator has-text-color has-background has-vivid-red-background-color has-vivid-red-color\"\/>\n\n\n\n<h6 class=\"has-text-align-center wp-block-heading\" style=\"font-size:48px\">PALVELUT<\/h6>\n\n\n\n<div class=\"wp-block-columns is-layout-flex wp-container-core-columns-is-layout-9d6595d7 wp-block-columns-is-layout-flex\">\n<div class=\"wp-block-column is-layout-flow wp-block-column-is-layout-flow\">\n<div class=\"wp-block-image\"><figure class=\"aligncenter size-large\"><a href=\"https:\/\/ninjotransport.com\/fi\/transporter\/\"><img data-recalc-dims=\"1\" loading=\"lazy\" decoding=\"async\" width=\"909\" height=\"1024\" src=\"https:\/\/i0.wp.com\/ninjotransport.com\/wp-content\/uploads\/2021\/10\/sketch1634662914590morkgra-e1634663944437-909x1024.png?resize=909%2C1024&#038;ssl=1\" alt=\"\" class=\"wp-image-366\"\/><\/a><figcaption><mark style=\"background-color:rgba(0, 0, 0, 0)\" class=\"has-inline-color has-vivid-red-color\"><strong><a href=\"https:\/\/ninjotransport.com\/fi\/transporter\/\" data-type=\"page\" data-id=\"390\">KULJETUKSET<\/a><\/strong><\/mark><\/figcaption><\/figure><\/div>\n<\/div>\n\n\n\n<div class=\"wp-block-column is-layout-flow wp-block-column-is-layout-flow\">\n<div class=\"wp-block-image is-style-default\"><figure class=\"aligncenter size-large\"><a href=\"https:\/\/ninjotransport.com\/fi\/grustransporter\/\"><img data-recalc-dims=\"1\" loading=\"lazy\" decoding=\"async\" width=\"905\" height=\"1024\" src=\"https:\/\/i0.wp.com\/ninjotransport.com\/wp-content\/uploads\/2021\/10\/sketch1633337484851-1-e1633340310910-905x1024.png?resize=905%2C1024&#038;ssl=1\" alt=\"\" class=\"wp-image-331\"\/><\/a><figcaption><strong><mark style=\"background-color:rgba(0, 0, 0, 0)\" class=\"has-inline-color has-vivid-red-color\"><a href=\"https:\/\/ninjotransport.com\/fi\/grustransporter\/\" data-type=\"page\" data-id=\"382\">SORAKULJETUKSET<\/a><\/mark><\/strong><\/figcaption><\/figure><\/div>\n<\/div>\n\n\n\n<div class=\"wp-block-column is-layout-flow wp-block-column-is-layout-flow\">\n<div class=\"wp-block-image\"><figure class=\"aligncenter size-large is-resized\"><a href=\"https:\/\/ninjotransport.com\/fi\/gravmaskinstjanster\/\"><img data-recalc-dims=\"1\" loading=\"lazy\" decoding=\"async\" src=\"https:\/\/i0.wp.com\/ninjotransport.com\/wp-content\/uploads\/2021\/10\/sketch1633339294877-e1633340329607-945x1024.png?resize=328%2C371&#038;ssl=1\" alt=\"\" class=\"wp-image-329\" width=\"328\" height=\"371\"\/><\/a><figcaption><strong><mark style=\"background-color:rgba(0, 0, 0, 0)\" class=\"has-inline-color has-vivid-red-color\"><a href=\"https:\/\/ninjotransport.com\/fi\/gravmaskinstjanster\/\" data-type=\"page\" data-id=\"387\">KAIVINKONEPALVELUT<\/a><\/mark><\/strong><\/figcaption><\/figure><\/div>\n<\/div>\n<\/div>\n\n\n\n<hr class=\"wp-block-separator has-text-color has-background has-vivid-red-background-color has-vivid-red-color\"\/>\n\n\n\n<h6 class=\"has-text-align-center alignwide wp-block-heading\" style=\"font-size:48px;line-height:1.1\">TUOTTEET<\/h6>\n\n\n\n<div class=\"wp-block-group\"><div class=\"wp-block-group__inner-container is-layout-flow wp-block-group-is-layout-flow\">\n<div class=\"wp-block-columns is-layout-flex wp-container-core-columns-is-layout-9d6595d7 wp-block-columns-is-layout-flex\">\n<div class=\"wp-block-column is-layout-flow wp-block-column-is-layout-flow\" style=\"flex-basis:100%\">\n<div class=\"wp-block-columns is-layout-flex wp-container-core-columns-is-layout-9d6595d7 wp-block-columns-is-layout-flex\">\n<div class=\"wp-block-column is-layout-flow wp-block-column-is-layout-flow\" style=\"flex-basis:100%\">\n<div class=\"wp-block-group\"><div class=\"wp-block-group__inner-container is-layout-flow wp-block-group-is-layout-flow\">\n<div class=\"wp-block-columns is-layout-flex wp-container-core-columns-is-layout-9d6595d7 wp-block-columns-is-layout-flex\">\n<div class=\"wp-block-column is-layout-flow wp-block-column-is-layout-flow\">\n<div class=\"wp-block-cover\"><span aria-hidden=\"true\" class=\"has-background-dim-30 wp-block-cover__gradient-background has-background-dim\"><\/span><img data-recalc-dims=\"1\" loading=\"lazy\" decoding=\"async\" width=\"1024\" height=\"683\" class=\"wp-block-cover__image-background wp-image-171\" alt=\"\" src=\"https:\/\/i0.wp.com\/ninjotransport.com\/wp-content\/uploads\/2021\/09\/IMG_8996-grus1.jpg?resize=1024%2C683&#038;ssl=1\" data-object-fit=\"cover\" srcset=\"https:\/\/i0.wp.com\/ninjotransport.com\/wp-content\/uploads\/2021\/09\/IMG_8996-grus1-scaled.jpg?resize=1024%2C683&amp;ssl=1 1024w, https:\/\/i0.wp.com\/ninjotransport.com\/wp-content\/uploads\/2021\/09\/IMG_8996-grus1-scaled.jpg?resize=300%2C200&amp;ssl=1 300w, https:\/\/i0.wp.com\/ninjotransport.com\/wp-content\/uploads\/2021\/09\/IMG_8996-grus1-scaled.jpg?resize=768%2C512&amp;ssl=1 768w, https:\/\/i0.wp.com\/ninjotransport.com\/wp-content\/uploads\/2021\/09\/IMG_8996-grus1-scaled.jpg?resize=1536%2C1024&amp;ssl=1 1536w, https:\/\/i0.wp.com\/ninjotransport.com\/wp-content\/uploads\/2021\/09\/IMG_8996-grus1-scaled.jpg?resize=2048%2C1365&amp;ssl=1 2048w\" sizes=\"auto, (max-width: 1000px) 100vw, 1000px\" \/><div class=\"wp-block-cover__inner-container is-layout-flow wp-block-cover-is-layout-flow\">\n<p class=\"has-large-font-size\"><strong><span class=\"has-inline-color has-white-color\">MURSKE<\/span><\/strong><\/p>\n<\/div><\/div>\n\n\n\n<ul class=\"has-vivid-red-color has-text-color wp-block-list\"><li>Murske KaM 0-4<\/li><li>Murske KaM 0-8<\/li><li>Murske KaM 0-16<\/li><li>Murske KaM 0-32<\/li><li>Murske KaM 0-65<\/li><li>Murske KaM 0-100<\/li><li>Murske KaM 0-200<\/li><li>Murske KaM 4-8<\/li><li>Murske KaM 8-16<\/li><li>Louhe KaM 100-200<\/li><li>Salaojasepeli KaS 8-16<\/li><li>Salaojasepeli KaS 16-32<\/li><\/ul>\n<\/div>\n\n\n\n<div class=\"wp-block-column is-layout-flow wp-block-column-is-layout-flow\">\n<div class=\"wp-block-cover is-light\"><span aria-hidden=\"true\" class=\"has-background-dim-30 wp-block-cover__gradient-background has-background-dim\"><\/span><img data-recalc-dims=\"1\" loading=\"lazy\" decoding=\"async\" width=\"1024\" height=\"683\" class=\"wp-block-cover__image-background wp-image-170\" alt=\"\" src=\"https:\/\/i0.wp.com\/ninjotransport.com\/wp-content\/uploads\/2021\/09\/IMG_8988-rodkross1.jpg?resize=1024%2C683&#038;ssl=1\" data-object-fit=\"cover\" srcset=\"https:\/\/i0.wp.com\/ninjotransport.com\/wp-content\/uploads\/2021\/09\/IMG_8988-rodkross1-scaled.jpg?resize=1024%2C683&amp;ssl=1 1024w, https:\/\/i0.wp.com\/ninjotransport.com\/wp-content\/uploads\/2021\/09\/IMG_8988-rodkross1-scaled.jpg?resize=300%2C200&amp;ssl=1 300w, https:\/\/i0.wp.com\/ninjotransport.com\/wp-content\/uploads\/2021\/09\/IMG_8988-rodkross1-scaled.jpg?resize=768%2C512&amp;ssl=1 768w, https:\/\/i0.wp.com\/ninjotransport.com\/wp-content\/uploads\/2021\/09\/IMG_8988-rodkross1-scaled.jpg?resize=1536%2C1024&amp;ssl=1 1536w, https:\/\/i0.wp.com\/ninjotransport.com\/wp-content\/uploads\/2021\/09\/IMG_8988-rodkross1-scaled.jpg?resize=2048%2C1365&amp;ssl=1 2048w\" sizes=\"auto, (max-width: 1000px) 100vw, 1000px\" \/><div class=\"wp-block-cover__inner-container is-layout-flow wp-block-cover-is-layout-flow\">\n<p class=\"has-large-font-size\"><strong><span class=\"has-inline-color has-white-color\">PUNAMURSKE<\/span><\/strong><\/p>\n<\/div><\/div>\n\n\n\n<ul class=\"has-vivid-red-color has-text-color wp-block-list\"><li>Punamurske 0-16<\/li><li>Punamurske 4-8<\/li><\/ul>\n<\/div>\n\n\n\n<div class=\"wp-block-column is-layout-flow wp-block-column-is-layout-flow\">\n<div class=\"wp-block-cover\"><span aria-hidden=\"true\" class=\"has-background-dim-30 wp-block-cover__gradient-background has-background-dim\"><\/span><img data-recalc-dims=\"1\" loading=\"lazy\" decoding=\"async\" width=\"1024\" height=\"683\" class=\"wp-block-cover__image-background wp-image-188\" alt=\"\" src=\"https:\/\/i0.wp.com\/ninjotransport.com\/wp-content\/uploads\/2021\/09\/IMG_9009-sand-2.jpg?resize=1024%2C683&#038;ssl=1\" data-object-fit=\"cover\" srcset=\"https:\/\/i0.wp.com\/ninjotransport.com\/wp-content\/uploads\/2021\/09\/IMG_9009-sand-2-scaled.jpg?resize=1024%2C683&amp;ssl=1 1024w, https:\/\/i0.wp.com\/ninjotransport.com\/wp-content\/uploads\/2021\/09\/IMG_9009-sand-2-scaled.jpg?resize=300%2C200&amp;ssl=1 300w, https:\/\/i0.wp.com\/ninjotransport.com\/wp-content\/uploads\/2021\/09\/IMG_9009-sand-2-scaled.jpg?resize=768%2C512&amp;ssl=1 768w, https:\/\/i0.wp.com\/ninjotransport.com\/wp-content\/uploads\/2021\/09\/IMG_9009-sand-2-scaled.jpg?resize=1536%2C1024&amp;ssl=1 1536w, https:\/\/i0.wp.com\/ninjotransport.com\/wp-content\/uploads\/2021\/09\/IMG_9009-sand-2-scaled.jpg?resize=2048%2C1366&amp;ssl=1 2048w\" sizes=\"auto, (max-width: 1000px) 100vw, 1000px\" \/><div class=\"wp-block-cover__inner-container is-layout-flow wp-block-cover-is-layout-flow\">\n<p class=\"has-large-font-size\"><strong><span class=\"has-inline-color has-white-color\">HIEKKAA<\/span><\/strong><\/p>\n<\/div><\/div>\n\n\n\n<ul class=\"has-vivid-red-color has-text-color wp-block-list\"><li>Rantahiekka <\/li><li><a href=\"https:\/\/ninjotransport.com\/fi\/skyddssand\/\">Turvahiekka <\/a><\/li><li>Salaojahiekka<\/li><\/ul>\n<\/div>\n<\/div>\n<\/div><\/div>\n<\/div>\n<\/div>\n<\/div>\n<\/div>\n<\/div><\/div>\n\n\n\n<div class=\"wp-block-columns is-layout-flex wp-container-core-columns-is-layout-9d6595d7 wp-block-columns-is-layout-flex\">\n<div class=\"wp-block-column is-layout-flow wp-block-column-is-layout-flow\">\n<div class=\"wp-block-cover\"><span aria-hidden=\"true\" class=\"has-background-dim-30 wp-block-cover__gradient-background has-background-dim\"><\/span><img data-recalc-dims=\"1\" loading=\"lazy\" decoding=\"async\" width=\"1024\" height=\"682\" class=\"wp-block-cover__image-background wp-image-182\" alt=\"\" src=\"https:\/\/i0.wp.com\/ninjotransport.com\/wp-content\/uploads\/2021\/09\/IMG_9004-sten-1.jpg?resize=1024%2C682&#038;ssl=1\" data-object-fit=\"cover\" srcset=\"https:\/\/i0.wp.com\/ninjotransport.com\/wp-content\/uploads\/2021\/09\/IMG_9004-sten-1-scaled.jpg?resize=1024%2C682&amp;ssl=1 1024w, https:\/\/i0.wp.com\/ninjotransport.com\/wp-content\/uploads\/2021\/09\/IMG_9004-sten-1-scaled.jpg?resize=300%2C200&amp;ssl=1 300w, https:\/\/i0.wp.com\/ninjotransport.com\/wp-content\/uploads\/2021\/09\/IMG_9004-sten-1-scaled.jpg?resize=768%2C512&amp;ssl=1 768w, https:\/\/i0.wp.com\/ninjotransport.com\/wp-content\/uploads\/2021\/09\/IMG_9004-sten-1-scaled.jpg?resize=1536%2C1024&amp;ssl=1 1536w, https:\/\/i0.wp.com\/ninjotransport.com\/wp-content\/uploads\/2021\/09\/IMG_9004-sten-1-scaled.jpg?resize=2048%2C1365&amp;ssl=1 2048w\" sizes=\"auto, (max-width: 1000px) 100vw, 1000px\" \/><div class=\"wp-block-cover__inner-container is-layout-flow wp-block-cover-is-layout-flow\">\n<p class=\"has-large-font-size\"><strong>LUONNONKIVI<\/strong><\/p>\n<\/div><\/div>\n\n\n\n<ul class=\"has-vivid-red-color has-text-color wp-block-list\"><li>Luonnonkivi 8-16<\/li><li>Luonnonkivi 60-150<\/li><li>Luonnonkivi 150-300<\/li><\/ul>\n<\/div>\n\n\n\n<div class=\"wp-block-column is-layout-flow wp-block-column-is-layout-flow\">\n<div class=\"wp-block-cover\"><span aria-hidden=\"true\" class=\"has-background-dim-30 wp-block-cover__gradient-background has-background-dim\"><\/span><img data-recalc-dims=\"1\" loading=\"lazy\" decoding=\"async\" width=\"1024\" height=\"683\" class=\"wp-block-cover__image-background wp-image-172\" alt=\"\" src=\"https:\/\/i0.wp.com\/ninjotransport.com\/wp-content\/uploads\/2021\/09\/IMG_8999-bark1.jpg?resize=1024%2C683&#038;ssl=1\" style=\"object-position:42% 52%\" data-object-fit=\"cover\" data-object-position=\"42% 52%\" srcset=\"https:\/\/i0.wp.com\/ninjotransport.com\/wp-content\/uploads\/2021\/09\/IMG_8999-bark1-scaled.jpg?resize=1024%2C683&amp;ssl=1 1024w, https:\/\/i0.wp.com\/ninjotransport.com\/wp-content\/uploads\/2021\/09\/IMG_8999-bark1-scaled.jpg?resize=300%2C200&amp;ssl=1 300w, https:\/\/i0.wp.com\/ninjotransport.com\/wp-content\/uploads\/2021\/09\/IMG_8999-bark1-scaled.jpg?resize=768%2C512&amp;ssl=1 768w, https:\/\/i0.wp.com\/ninjotransport.com\/wp-content\/uploads\/2021\/09\/IMG_8999-bark1-scaled.jpg?resize=1536%2C1024&amp;ssl=1 1536w, https:\/\/i0.wp.com\/ninjotransport.com\/wp-content\/uploads\/2021\/09\/IMG_8999-bark1-scaled.jpg?resize=2048%2C1365&amp;ssl=1 2048w\" sizes=\"auto, (max-width: 1000px) 100vw, 1000px\" \/><div class=\"wp-block-cover__inner-container is-layout-flow wp-block-cover-is-layout-flow\">\n<p class=\"has-large-font-size\"><strong>KUORIKATE<\/strong><\/p>\n<\/div><\/div>\n<\/div>\n\n\n\n<div class=\"wp-block-column is-layout-flow wp-block-column-is-layout-flow\">\n<div class=\"wp-block-cover\"><span aria-hidden=\"true\" class=\"has-background-dim-30 wp-block-cover__gradient-background has-background-dim\"><\/span><img data-recalc-dims=\"1\" loading=\"lazy\" decoding=\"async\" width=\"1024\" height=\"683\" class=\"wp-block-cover__image-background wp-image-175\" alt=\"\" src=\"https:\/\/i0.wp.com\/ninjotransport.com\/wp-content\/uploads\/2021\/09\/IMG_9014-matjord.jpg?resize=1024%2C683&#038;ssl=1\" data-object-fit=\"cover\" srcset=\"https:\/\/i0.wp.com\/ninjotransport.com\/wp-content\/uploads\/2021\/09\/IMG_9014-matjord.jpg?resize=1024%2C683&amp;ssl=1 1024w, https:\/\/i0.wp.com\/ninjotransport.com\/wp-content\/uploads\/2021\/09\/IMG_9014-matjord.jpg?resize=300%2C200&amp;ssl=1 300w, https:\/\/i0.wp.com\/ninjotransport.com\/wp-content\/uploads\/2021\/09\/IMG_9014-matjord.jpg?resize=768%2C512&amp;ssl=1 768w, https:\/\/i0.wp.com\/ninjotransport.com\/wp-content\/uploads\/2021\/09\/IMG_9014-matjord.jpg?resize=1536%2C1024&amp;ssl=1 1536w, https:\/\/i0.wp.com\/ninjotransport.com\/wp-content\/uploads\/2021\/09\/IMG_9014-matjord.jpg?resize=2048%2C1365&amp;ssl=1 2048w\" sizes=\"auto, (max-width: 1000px) 100vw, 1000px\" \/><div class=\"wp-block-cover__inner-container is-layout-flow wp-block-cover-is-layout-flow\">\n<p class=\"has-large-font-size\"><strong>RUOKAMULTAA<\/strong><\/p>\n<\/div><\/div>\n<\/div>\n<\/div>\n\n\n\n<div class=\"wp-block-columns is-layout-flex wp-container-core-columns-is-layout-9d6595d7 wp-block-columns-is-layout-flex\">\n<div class=\"wp-block-column is-layout-flow wp-block-column-is-layout-flow\"><\/div>\n\n\n\n<div class=\"wp-block-column is-layout-flow wp-block-column-is-layout-flow\">\n<div class=\"wp-block-buttons is-layout-flex wp-block-buttons-is-layout-flex\">\n<div class=\"wp-block-button\"><a class=\"wp-block-button__link has-text-color has-background\" href=\"https:\/\/ninjotransport.com\/fi\/kontakt\/\" style=\"background-color:#d72828;color:#fcf7f7\"><strong>KYSYY TARJOUSTASI<\/strong><\/a><\/div>\n<\/div>\n<\/div>\n\n\n\n<div class=\"wp-block-column is-layout-flow wp-block-column-is-layout-flow\"><\/div>\n<\/div>\n\n\n\n<hr class=\"wp-block-separator has-text-color has-background has-vivid-red-background-color has-vivid-red-color\"\/>\n\n\n\n<div class=\"wp-block-group\"><div class=\"wp-block-group__inner-container is-layout-flow wp-block-group-is-layout-flow\">\n<div class=\"wp-block-columns is-layout-flex wp-container-core-columns-is-layout-9d6595d7 wp-block-columns-is-layout-flex\">\n<div class=\"wp-block-column is-layout-flow wp-block-column-is-layout-flow\" style=\"flex-basis:100%\"><\/div>\n<\/div>\n<\/div><\/div>","protected":false},"excerpt":{"rendered":"<p>V\u00c5RA TJ\u00c4NSTER PRODUKTER Krossgrus KaM 0-4 Krossgrus KaM 0-8 Krossgrus KaM 0-16 Krossgrus KaM 0-32 Krossgrus KaM 0-65 Krossgrus KaM 0-100 Krossgrus KaM 0-200 Krossgrus KaM 4-8 Krossgrus KaM 8-16 Spr\u00e4ngsten KaM 100-200 Dr\u00e4neringsgrus KaS 8-16 Dr\u00e4neringsgrus KaS 16-32 R\u00f6dkross 0-16 R\u00f6dkross 4-8 Strandsand Skyddssand T\u00e4ckdikningssand Natursten 8-16 Natursten 60-150 Natursten 150-300<\/p>","protected":false},"author":2,"featured_media":0,"parent":0,"menu_order":0,"comment_status":"closed","ping_status":"closed","template":"","meta":{"footnotes":""},"class_list":["post-42","page","type-page","status-publish","hentry"],"jetpack_sharing_enabled":true,"_links":{"self":[{"href":"https:\/\/ninjotransport.com\/fi\/wp-json\/wp\/v2\/pages\/42","targetHints":{"allow":["GET"]}}],"collection":[{"href":"https:\/\/ninjotransport.com\/fi\/wp-json\/wp\/v2\/pages"}],"about":[{"href":"https:\/\/ninjotransport.com\/fi\/wp-json\/wp\/v2\/types\/page"}],"author":[{"embeddable":true,"href":"https:\/\/ninjotransport.com\/fi\/wp-json\/wp\/v2\/users\/2"}],"replies":[{"embeddable":true,"href":"https:\/\/ninjotransport.com\/fi\/wp-json\/wp\/v2\/comments?post=42"}],"version-history":[{"count":53,"href":"https:\/\/ninjotransport.com\/fi\/wp-json\/wp\/v2\/pages\/42\/revisions"}],"predecessor-version":[{"id":554,"href":"https:\/\/ninjotransport.com\/fi\/wp-json\/wp\/v2\/pages\/42\/revisions\/554"}],"wp:attachment":[{"href":"https:\/\/ninjotransport.com\/fi\/wp-json\/wp\/v2\/media?parent=42"}],"curies":[{"name":"wp","href":"https:\/\/api.w.org\/{rel}","templated":true}]}}