{"id":7,"date":"2021-09-13T07:45:45","date_gmt":"2021-09-13T07:45:45","guid":{"rendered":"https:\/\/ninjotransport.com\/?page_id=7"},"modified":"2021-11-01T17:15:32","modified_gmt":"2021-11-01T17:15:32","slug":"kontakt","status":"publish","type":"page","link":"https:\/\/ninjotransport.com\/fi\/kontakt\/","title":{"rendered":"Yhteystiedot"},"content":{"rendered":"<figure class=\"wp-block-pullquote\" style=\"border-color:#cf2e2e\"><blockquote><p><strong>KAIKEN HYV\u00c4N PERUSTA<\/strong><\/p><cite><strong>ON OIKEA SORA!<\/strong><\/cite><\/blockquote><\/figure>\n\n\n\n<div class=\"wp-block-group\"><div class=\"wp-block-group__inner-container is-layout-flow wp-block-group-is-layout-flow\">\n<div class=\"wp-block-columns is-layout-flex wp-container-core-columns-is-layout-9d6595d7 wp-block-columns-is-layout-flex\">\n<div class=\"wp-block-column is-layout-flow wp-block-column-is-layout-flow\" style=\"flex-basis:100%\">\n<div class=\"wp-block-columns is-layout-flex wp-container-core-columns-is-layout-9d6595d7 wp-block-columns-is-layout-flex\">\n<div class=\"wp-block-column is-layout-flow wp-block-column-is-layout-flow\" style=\"flex-basis:66.66%\">\n<h5 class=\"wp-block-heading\" style=\"font-size:22px\">TARJOUSPYYNT\u00d6:<\/h5>\n<\/div>\n\n\n\n<div class=\"wp-block-column is-layout-flow wp-block-column-is-layout-flow\" style=\"flex-basis:33.33%\">\n<div class=\"wp-block-jetpack-send-a-message\">\n<div class=\"wp-block-jetpack-whatsapp-button is-color-dark\"><a class=\"whatsapp-block__button\" href=\"https:\/\/api.whatsapp.com\/send?phone=358443257232&amp;text=Hi%2C%20I%20got%20your%20WhatsApp%20information%20from%20your%20website.\" style=\"background-color:#25D366;color:#fff\" target=\"_self\" rel=\"noopener noreferrer\">WhatsApp<\/a><\/div>\n<\/div>\n<\/div>\n<\/div>\n<\/div>\n<\/div>\n<\/div><\/div>\n\n\n\n<div class=\"wp-block-columns is-layout-flex wp-container-core-columns-is-layout-9d6595d7 wp-block-columns-is-layout-flex\">\n<div class=\"wp-block-column is-layout-flow wp-block-column-is-layout-flow\" style=\"flex-basis:66.66%\">\n<div class=\"wp-block-contact-form-7-contact-form-selector\">\n<div class=\"wpcf7 no-js\" id=\"wpcf7-f139-o1\" lang=\"en-US\" dir=\"ltr\" data-wpcf7-id=\"139\">\n<div class=\"screen-reader-response\"><p role=\"status\" aria-live=\"polite\" aria-atomic=\"true\"><\/p> <ul><\/ul><\/div>\n<form action=\"\/fi\/wp-json\/wp\/v2\/pages\/7#wpcf7-f139-o1\" method=\"post\" class=\"wpcf7-form init\" aria-label=\"Contact form\" novalidate=\"novalidate\" data-status=\"init\" data-trp-original-action=\"\/fi\/wp-json\/wp\/v2\/pages\/7#wpcf7-f139-o1\">\n<fieldset class=\"hidden-fields-container\"><input type=\"hidden\" name=\"_wpcf7\" value=\"139\" \/><input type=\"hidden\" name=\"_wpcf7_version\" value=\"6.1.5\" \/><input type=\"hidden\" name=\"_wpcf7_locale\" value=\"en_US\" \/><input type=\"hidden\" name=\"_wpcf7_unit_tag\" value=\"wpcf7-f139-o1\" \/><input type=\"hidden\" name=\"_wpcf7_container_post\" value=\"0\" \/><input type=\"hidden\" name=\"_wpcf7_posted_data_hash\" value=\"\" \/><input type=\"hidden\" name=\"_wpcf7_recaptcha_response\" value=\"\" \/>\n<\/fieldset>\n<p><label> Nimi<br \/>\n<span class=\"wpcf7-form-control-wrap\" data-name=\"your-name\"><input size=\"40\" maxlength=\"400\" class=\"wpcf7-form-control wpcf7-text wpcf7-validates-as-required\" aria-required=\"true\" aria-invalid=\"false\" value=\"\" type=\"text\" name=\"your-name\" \/><\/span> <\/label>\n<\/p>\n<p><label> S\u00e4hk\u00f6posti<br \/>\n<span class=\"wpcf7-form-control-wrap\" data-name=\"your-email\"><input size=\"40\" maxlength=\"400\" class=\"wpcf7-form-control wpcf7-email wpcf7-validates-as-required wpcf7-text wpcf7-validates-as-email\" aria-required=\"true\" aria-invalid=\"false\" value=\"\" type=\"email\" name=\"your-email\" \/><\/span> <\/label>\n<\/p>\n<p><label> Puhelinnumero<br \/>\n<span class=\"wpcf7-form-control-wrap\" data-name=\"your-tel\"><input size=\"40\" maxlength=\"400\" class=\"wpcf7-form-control wpcf7-tel wpcf7-validates-as-required wpcf7-text wpcf7-validates-as-tel\" aria-required=\"true\" aria-invalid=\"false\" value=\"\" type=\"tel\" name=\"your-tel\" \/><\/span> <\/label>\n<\/p>\n<p><label> Tarjouspyynt\u00f6 koskee<br \/>\n<span class=\"wpcf7-form-control-wrap\" data-name=\"your-subject\"><input size=\"40\" maxlength=\"400\" class=\"wpcf7-form-control wpcf7-text wpcf7-validates-as-required\" aria-required=\"true\" aria-invalid=\"false\" value=\"\" type=\"text\" name=\"your-subject\" \/><\/span> <\/label>\n<\/p>\n<p><label> Viesti<br \/>\n<span class=\"wpcf7-form-control-wrap\" data-name=\"your-message\"><textarea cols=\"40\" rows=\"10\" maxlength=\"2000\" class=\"wpcf7-form-control wpcf7-textarea\" aria-invalid=\"false\" name=\"your-message\"><\/textarea><\/span> <\/label>\n<\/p>\n<p><span class=\"wpcf7-form-control-wrap\" data-name=\"quiz-424\"><label><span class=\"wpcf7-quiz-label\">1+1=?<\/span> <input size=\"40\" class=\"wpcf7-form-control wpcf7-quiz\" autocomplete=\"off\" aria-required=\"true\" aria-invalid=\"false\" type=\"text\" name=\"quiz-424\" \/><\/label><input type=\"hidden\" name=\"_wpcf7_quiz_answer_quiz-424\" value=\"de1183c440365495e454936ea39689f9\" \/><\/span>\n<\/p>\n<p><input class=\"wpcf7-form-control wpcf7-submit has-spinner\" type=\"submit\" value=\"L\u00e4het\u00e4\" \/>\n<\/p><div class=\"wpcf7-response-output\" aria-hidden=\"true\"><\/div>\n<input type=\"hidden\" name=\"trp-form-language\" value=\"fi\"\/><\/form>\n<\/div>\n<\/div>\n<\/div>\n\n\n\n<div class=\"wp-block-column is-layout-flow wp-block-column-is-layout-flow\" style=\"flex-basis:33.33%\">\n<figure class=\"wp-block-image size-full is-resized\"><a href=\"https:\/\/www.google.com\/maps\/place\/Oy+NinJo+Ab\/@62.9425747,21.041516,8z\/data=!3m1!4b1!4m5!3m4!1s0x4171de5faf8b338d:0x14ba934c7f32c401!8m2!3d62.9457661!4d22.1623312\"><img data-recalc-dims=\"1\" loading=\"lazy\" decoding=\"async\" src=\"https:\/\/i0.wp.com\/ninjotransport.com\/wp-content\/uploads\/2021\/10\/sketch1635354701415.png?resize=284%2C505&#038;ssl=1\" alt=\"\" class=\"wp-image-378\" width=\"284\" height=\"505\" srcset=\"https:\/\/i0.wp.com\/ninjotransport.com\/wp-content\/uploads\/2021\/10\/sketch1635354701415.png?w=408&amp;ssl=1 408w, https:\/\/i0.wp.com\/ninjotransport.com\/wp-content\/uploads\/2021\/10\/sketch1635354701415.png?resize=169%2C300&amp;ssl=1 169w, https:\/\/i0.wp.com\/ninjotransport.com\/wp-content\/uploads\/2021\/10\/sketch1635354701415.png?resize=7%2C12&amp;ssl=1 7w\" sizes=\"auto, (max-width: 284px) 100vw, 284px\" \/><\/a><figcaption><strong>POHJANMAA<\/strong><\/figcaption><\/figure>\n<\/div>\n<\/div>\n\n\n\n<hr class=\"wp-block-separator has-text-color has-background has-vivid-red-background-color has-vivid-red-color\"\/>\n\n\n\n<div class=\"wp-block-columns is-layout-flex wp-container-core-columns-is-layout-9d6595d7 wp-block-columns-is-layout-flex\">\n<div class=\"wp-block-column is-layout-flow wp-block-column-is-layout-flow\"><\/div>\n\n\n\n<div class=\"wp-block-column is-layout-flow wp-block-column-is-layout-flow\">\n<figure class=\"wp-block-image size-large is-resized\"><a href=\"https:\/\/www.google.com\/maps\/place\/\/data=!4m3!3m2!1s0x4171de5faf8b338d:0x14ba934c7f32c401!12e1?source=g.page.m.ad._\"><img data-recalc-dims=\"1\" loading=\"lazy\" decoding=\"async\" src=\"https:\/\/i0.wp.com\/ninjotransport.com\/wp-content\/uploads\/2021\/11\/gubbar.png?resize=186%2C86&#038;ssl=1\" alt=\"\" class=\"wp-image-475\" width=\"186\" height=\"86\" srcset=\"https:\/\/i0.wp.com\/ninjotransport.com\/wp-content\/uploads\/2021\/11\/gubbar.png?resize=1024%2C468&amp;ssl=1 1024w, https:\/\/i0.wp.com\/ninjotransport.com\/wp-content\/uploads\/2021\/11\/gubbar.png?resize=300%2C137&amp;ssl=1 300w, https:\/\/i0.wp.com\/ninjotransport.com\/wp-content\/uploads\/2021\/11\/gubbar.png?resize=768%2C351&amp;ssl=1 768w, https:\/\/i0.wp.com\/ninjotransport.com\/wp-content\/uploads\/2021\/11\/gubbar.png?resize=1536%2C702&amp;ssl=1 1536w, https:\/\/i0.wp.com\/ninjotransport.com\/wp-content\/uploads\/2021\/11\/gubbar.png?resize=2048%2C936&amp;ssl=1 2048w, https:\/\/i0.wp.com\/ninjotransport.com\/wp-content\/uploads\/2021\/11\/gubbar.png?resize=18%2C8&amp;ssl=1 18w\" sizes=\"auto, (max-width: 186px) 100vw, 186px\" \/><\/a><figcaption><strong><a href=\"https:\/\/l.facebook.com\/l.php?u=https%3A%2F%2Fg.page%2Fr%2FCQHEMn9Mk7oUEA0%2Freview%3Ffbclid%3DIwAR1nhDDF_6XyqP3VLkLXZSCaWhiCKNniCvKQpmURQWwGeNF3KdcJj2-Vypc&amp;h=AT1nWdSRalXYQMAaIQoDO1tcleNOI_riijiLZLIc3Qlnb1zlLjhuqbYj_nONHPvO93Y6bO60imB2pYgckFl-8uNC0UI-515Cs-H-5pO5AziG76g_41gDxooHIKcMWFdjEiU\" target=\"_blank\" rel=\"noreferrer noopener\">J\u00c4T\u00c4 ARVOSTELUSI<\/a><\/strong><\/figcaption><\/figure>\n<\/div>\n\n\n\n<div class=\"wp-block-column is-layout-flow wp-block-column-is-layout-flow\"><\/div>\n<\/div>\n\n\n\n<hr class=\"wp-block-separator has-text-color has-background has-vivid-red-background-color has-vivid-red-color\"\/>\n\n\n\n<p class=\"has-text-color\" style=\"color:#1e1e1f\">Verksamhetsomr\u00e5de \u00d6sterbotten, Vasa ( Aspn\u00e4s Bob\u00e4ck Br\u00e4nd\u00f6 Dragn\u00e4sb\u00e4ck Gamla vasa Gerby Hemstrand H\u00f6gbacken H\u00f6stves Kapps\u00e4cken Kilskiftet Klemets\u00f6 Korsn\u00e4st\u00e5get Kronvik Melmo Molntr\u00e4sket Orrn\u00e4s Ropan\u00e4s Stenhaga Sandviken Sunnanvik Sundom S\u00f6derfj\u00e4rden Vapenbr\u00f6drabyn Vikinga V\u00e4stervik V\u00f6r\u00e5stan ) , Korsholm ( Replot Br\u00e4nd\u00f6vik Buller\u00e5sen Dommelskat Klobbskat Svedjehamn Norra Vallgrund Panike Sommar\u00f6sund S\u00f6derudden Bj\u00f6rk\u00f6by S\u00f6dra vallgrund Vistarna Kvevlax Kosk\u00f6 Kuni Lappsund Vassor V\u00e4sterhankmo \u00d6sterhankmo Veikars Voitby Alskat B\u00f6le Helsingby Iskmo Karkmo Kaper\u00f6 Kr\u00e5klund Majorna Martois Miekka Munsmo M\u00e4lsor Norra Jungsund Singsby Smedsby Solf Toby T\u00f6lby Vallvik Vikby )<\/p>","protected":false},"excerpt":{"rendered":"<p>GRUNDEN TILL ALLT GOTT \u00c4R R\u00c4TT KROSS! OFFERTF\u00d6RFR\u00c5GAN: Verksamhetsomr\u00e5de \u00d6sterbotten, Vasa ( Aspn\u00e4s Bob\u00e4ck Br\u00e4nd\u00f6 Dragn\u00e4sb\u00e4ck Gamla vasa Gerby Hemstrand H\u00f6gbacken H\u00f6stves Kapps\u00e4cken Kilskiftet Klemets\u00f6 Korsn\u00e4st\u00e5get Kronvik Melmo Molntr\u00e4sket Orrn\u00e4s Ropan\u00e4s Stenhaga Sandviken Sunnanvik Sundom S\u00f6derfj\u00e4rden Vapenbr\u00f6drabyn Vikinga V\u00e4stervik V\u00f6r\u00e5stan ) , Korsholm ( Replot Br\u00e4nd\u00f6vik Buller\u00e5sen Dommelskat Klobbskat Svedjehamn Norra Vallgrund Panike Sommar\u00f6sund S\u00f6derudden [&hellip;]<\/p>\n","protected":false},"author":2,"featured_media":0,"parent":0,"menu_order":0,"comment_status":"closed","ping_status":"closed","template":"","meta":{"footnotes":""},"class_list":["post-7","page","type-page","status-publish","hentry"],"jetpack_sharing_enabled":true,"_links":{"self":[{"href":"https:\/\/ninjotransport.com\/fi\/wp-json\/wp\/v2\/pages\/7","targetHints":{"allow":["GET"]}}],"collection":[{"href":"https:\/\/ninjotransport.com\/fi\/wp-json\/wp\/v2\/pages"}],"about":[{"href":"https:\/\/ninjotransport.com\/fi\/wp-json\/wp\/v2\/types\/page"}],"author":[{"embeddable":true,"href":"https:\/\/ninjotransport.com\/fi\/wp-json\/wp\/v2\/users\/2"}],"replies":[{"embeddable":true,"href":"https:\/\/ninjotransport.com\/fi\/wp-json\/wp\/v2\/comments?post=7"}],"version-history":[{"count":26,"href":"https:\/\/ninjotransport.com\/fi\/wp-json\/wp\/v2\/pages\/7\/revisions"}],"predecessor-version":[{"id":480,"href":"https:\/\/ninjotransport.com\/fi\/wp-json\/wp\/v2\/pages\/7\/revisions\/480"}],"wp:attachment":[{"href":"https:\/\/ninjotransport.com\/fi\/wp-json\/wp\/v2\/media?parent=7"}],"curies":[{"name":"wp","href":"https:\/\/api.w.org\/{rel}","templated":true}]}}